{"id":784,"date":"2022-12-13T12:24:25","date_gmt":"2022-12-13T12:24:25","guid":{"rendered":"https:\/\/web02test.nubaltec.net\/sbert\/nachrichten\/"},"modified":"2025-03-14T09:53:19","modified_gmt":"2025-03-14T09:53:19","slug":"nachrichten","status":"publish","type":"page","link":"https:\/\/sbert-jaume.com\/de\/nachrichten\/","title":{"rendered":"Nachrichten"},"content":{"rendered":"<div id=\"bsf_rt_marker\"><\/div>\t\t<div data-elementor-type=\"wp-page\" data-elementor-id=\"784\" class=\"elementor elementor-784 elementor-305\" data-elementor-post-type=\"page\">\n\t\t\t\t\t\t<section class=\"elementor-section elementor-top-section elementor-element elementor-element-d122eda elementor-section-boxed elementor-section-height-default elementor-section-height-default elementor-invisible\" data-id=\"d122eda\" data-element_type=\"section\" data-settings=\"{&quot;animation&quot;:&quot;fadeInUp&quot;}\">\n\t\t\t\t\t\t<div class=\"elementor-container elementor-column-gap-default\">\n\t\t\t\t\t<div class=\"elementor-column elementor-col-100 elementor-top-column elementor-element elementor-element-d0ea937\" data-id=\"d0ea937\" data-element_type=\"column\">\n\t\t\t<div class=\"elementor-widget-wrap elementor-element-populated\">\n\t\t\t\t\t\t<div class=\"elementor-element elementor-element-689658d elementor-widget elementor-widget-heading\" data-id=\"689658d\" data-element_type=\"widget\" data-widget_type=\"heading.default\">\n\t\t\t\t<div class=\"elementor-widget-container\">\n\t\t\t\t\t<h2 class=\"elementor-heading-title elementor-size-default\">Nachrichten<\/h2>\t\t\t\t<\/div>\n\t\t\t\t<\/div>\n\t\t\t\t<div class=\"elementor-element elementor-element-6f6b608 elementor-grid-2 elementor-grid-tablet-2 elementor-grid-mobile-1 elementor-posts--thumbnail-top elementor-posts__hover-gradient elementor-widget elementor-widget-posts\" data-id=\"6f6b608\" data-element_type=\"widget\" data-settings=\"{&quot;cards_columns&quot;:&quot;2&quot;,&quot;cards_columns_tablet&quot;:&quot;2&quot;,&quot;cards_columns_mobile&quot;:&quot;1&quot;,&quot;cards_row_gap&quot;:{&quot;unit&quot;:&quot;px&quot;,&quot;size&quot;:35,&quot;sizes&quot;:[]},&quot;cards_row_gap_tablet&quot;:{&quot;unit&quot;:&quot;px&quot;,&quot;size&quot;:&quot;&quot;,&quot;sizes&quot;:[]},&quot;cards_row_gap_mobile&quot;:{&quot;unit&quot;:&quot;px&quot;,&quot;size&quot;:&quot;&quot;,&quot;sizes&quot;:[]}}\" data-widget_type=\"posts.cards\">\n\t\t\t\t<div class=\"elementor-widget-container\">\n\t\t\t\t\t\t\t<div class=\"elementor-posts-container elementor-posts elementor-posts--skin-cards elementor-grid\">\n\t\t\t\t<article class=\"elementor-post elementor-grid-item post-2014 post type-post status-publish format-standard has-post-thumbnail hentry category-unkategorisiert\">\n\t\t\t<div class=\"elementor-post__card\">\n\t\t\t\t<a class=\"elementor-post__thumbnail__link\" href=\"https:\/\/sbert-jaume.com\/de\/wie-man-in-spanien-eine-yacht-arrestieren-laesst\/\" tabindex=\"-1\" ><div class=\"elementor-post__thumbnail\"><img fetchpriority=\"high\" decoding=\"async\" width=\"1000\" height=\"563\" src=\"https:\/\/sbert-jaume.com\/wp-content\/uploads\/2022\/12\/maritimo-mallorca.jpg\" class=\"attachment-full size-full wp-image-648\" alt=\"\" srcset=\"https:\/\/sbert-jaume.com\/wp-content\/uploads\/2022\/12\/maritimo-mallorca.jpg 1000w, https:\/\/sbert-jaume.com\/wp-content\/uploads\/2022\/12\/maritimo-mallorca-300x169.jpg 300w, https:\/\/sbert-jaume.com\/wp-content\/uploads\/2022\/12\/maritimo-mallorca-768x432.jpg 768w\" sizes=\"(max-width: 1000px) 100vw, 1000px\" \/><\/div><\/a>\n\t\t\t\t<div class=\"elementor-post__text\">\n\t\t\t\t<h3 class=\"elementor-post__title\">\n\t\t\t<a href=\"https:\/\/sbert-jaume.com\/de\/wie-man-in-spanien-eine-yacht-arrestieren-laesst\/\" >\n\t\t\t\tWIE MAN IN SPANIEN EINE YACHT ARRESTIEREN L\u00c4SST\t\t\t<\/a>\n\t\t<\/h3>\n\t\t\t\t<div class=\"elementor-post__excerpt\">\n\t\t\t<p>Der dingliche Arrest einer Yacht in Spanien ist ein \u00e4u\u00dferst wirksames rechtliches Instrument zum Schutz der Rechte von Gl\u00e4ubigern, die eine Seeforderung gegen ein Schiff geltend machen. In der Praxis<\/p>\n\t\t<\/div>\n\t\t\n\t\t<a class=\"elementor-post__read-more\" href=\"https:\/\/sbert-jaume.com\/de\/wie-man-in-spanien-eine-yacht-arrestieren-laesst\/\" aria-label=\"Mehr \u00fcber WIE MAN IN SPANIEN EINE YACHT ARRESTIEREN L\u00c4SST\" tabindex=\"-1\" >\n\t\t\tLeer m\u00e1s \u00bb\t\t<\/a>\n\n\t\t\t\t<\/div>\n\t\t\t\t<div class=\"elementor-post__meta-data\">\n\t\t\t\t\t<span class=\"elementor-post-author\">\n\t\t\tRolande Sbert\t\t<\/span>\n\t\t\t\t<span class=\"elementor-post-date\">\n\t\t\tM\u00e4rz 12, 2026\t\t<\/span>\n\t\t\t\t<\/div>\n\t\t\t\t\t<\/div>\n\t\t<\/article>\n\t\t\t\t<article class=\"elementor-post elementor-grid-item post-2005 post type-post status-publish format-standard has-post-thumbnail hentry category-unkategorisiert\">\n\t\t\t<div class=\"elementor-post__card\">\n\t\t\t\t<a class=\"elementor-post__thumbnail__link\" href=\"https:\/\/sbert-jaume.com\/de\/nichtansaessige-und-erbschaft-mit-immobilie-in-spanien-warum-oft-zwei-laender-betroffen-sind\/\" tabindex=\"-1\" ><div class=\"elementor-post__thumbnail\"><img decoding=\"async\" width=\"675\" height=\"1200\" src=\"https:\/\/sbert-jaume.com\/wp-content\/uploads\/2025\/03\/6fwo1mn-9u8.jpg\" class=\"attachment-full size-full wp-image-1924\" alt=\"\" srcset=\"https:\/\/sbert-jaume.com\/wp-content\/uploads\/2025\/03\/6fwo1mn-9u8.jpg 675w, https:\/\/sbert-jaume.com\/wp-content\/uploads\/2025\/03\/6fwo1mn-9u8-169x300.jpg 169w, https:\/\/sbert-jaume.com\/wp-content\/uploads\/2025\/03\/6fwo1mn-9u8-576x1024.jpg 576w\" sizes=\"(max-width: 675px) 100vw, 675px\" \/><\/div><\/a>\n\t\t\t\t<div class=\"elementor-post__text\">\n\t\t\t\t<h3 class=\"elementor-post__title\">\n\t\t\t<a href=\"https:\/\/sbert-jaume.com\/de\/nichtansaessige-und-erbschaft-mit-immobilie-in-spanien-warum-oft-zwei-laender-betroffen-sind\/\" >\n\t\t\t\tNICHTANS\u00c4SSIGE UND ERBSCHAFT MIT IMMOBILIE IN SPANIEN: WARUM OFT ZWEI L\u00c4NDER BETROFFEN SIND\t\t\t<\/a>\n\t\t<\/h3>\n\t\t\t\t<div class=\"elementor-post__excerpt\">\n\t\t\t<p>Wenn der Erblasser oder die Erben in Spanien steuerlich nicht ans\u00e4ssig sind, sich jedoch eine Immobilie in Spanien befindet, erfordert die Nachlassabwicklung in der Regel Schritte auf zwei \u201eEbenen\u201c: (1)<\/p>\n\t\t<\/div>\n\t\t\n\t\t<a class=\"elementor-post__read-more\" href=\"https:\/\/sbert-jaume.com\/de\/nichtansaessige-und-erbschaft-mit-immobilie-in-spanien-warum-oft-zwei-laender-betroffen-sind\/\" aria-label=\"Mehr \u00fcber NICHTANS\u00c4SSIGE UND ERBSCHAFT MIT IMMOBILIE IN SPANIEN: WARUM OFT ZWEI L\u00c4NDER BETROFFEN SIND\" tabindex=\"-1\" >\n\t\t\tLeer m\u00e1s \u00bb\t\t<\/a>\n\n\t\t\t\t<\/div>\n\t\t\t\t<div class=\"elementor-post__meta-data\">\n\t\t\t\t\t<span class=\"elementor-post-author\">\n\t\t\tRolande Sbert\t\t<\/span>\n\t\t\t\t<span class=\"elementor-post-date\">\n\t\t\tM\u00e4rz 5, 2026\t\t<\/span>\n\t\t\t\t<\/div>\n\t\t\t\t\t<\/div>\n\t\t<\/article>\n\t\t\t\t<article class=\"elementor-post elementor-grid-item post-1941 post type-post status-publish format-standard has-post-thumbnail hentry category-unkategorisiert\">\n\t\t\t<div class=\"elementor-post__card\">\n\t\t\t\t<a class=\"elementor-post__thumbnail__link\" href=\"https:\/\/sbert-jaume.com\/de\/entwicklungen-in-der-charterregulierung-was-ist-2025-zu-erwarten-aenderungen-der-rechtsvorschriften\/\" tabindex=\"-1\" ><div class=\"elementor-post__thumbnail\"><img decoding=\"async\" width=\"1600\" height=\"900\" src=\"https:\/\/sbert-jaume.com\/wp-content\/uploads\/2025\/03\/kis25n89ph4.jpg\" class=\"attachment-full size-full wp-image-1744\" alt=\"\" srcset=\"https:\/\/sbert-jaume.com\/wp-content\/uploads\/2025\/03\/kis25n89ph4.jpg 1600w, https:\/\/sbert-jaume.com\/wp-content\/uploads\/2025\/03\/kis25n89ph4-300x169.jpg 300w, https:\/\/sbert-jaume.com\/wp-content\/uploads\/2025\/03\/kis25n89ph4-1024x576.jpg 1024w, https:\/\/sbert-jaume.com\/wp-content\/uploads\/2025\/03\/kis25n89ph4-768x432.jpg 768w, https:\/\/sbert-jaume.com\/wp-content\/uploads\/2025\/03\/kis25n89ph4-1536x864.jpg 1536w\" sizes=\"(max-width: 1600px) 100vw, 1600px\" \/><\/div><\/a>\n\t\t\t\t<div class=\"elementor-post__text\">\n\t\t\t\t<h3 class=\"elementor-post__title\">\n\t\t\t<a href=\"https:\/\/sbert-jaume.com\/de\/entwicklungen-in-der-charterregulierung-was-ist-2025-zu-erwarten-aenderungen-der-rechtsvorschriften\/\" >\n\t\t\t\tENTWICKLUNGEN IN DER CHARTERREGULIERUNG &#8211; WAS IST 2025 ZU ERWARTEN? \u00c4NDERUNGEN DER RECHTSVORSCHRIFTEN?\t\t\t<\/a>\n\t\t<\/h3>\n\t\t\t\t<div class=\"elementor-post__excerpt\">\n\t\t\t<p>Es ist klar! Das Jahr 2025 wird wahrscheinlich das Jahr sein, in dem die Vorschriften f\u00fcr das Chartergesch\u00e4ft tiefgreifend ge\u00e4ndert werden. Zum einen werden am 15. August 2025 die Artikel<\/p>\n\t\t<\/div>\n\t\t\n\t\t<a class=\"elementor-post__read-more\" href=\"https:\/\/sbert-jaume.com\/de\/entwicklungen-in-der-charterregulierung-was-ist-2025-zu-erwarten-aenderungen-der-rechtsvorschriften\/\" aria-label=\"Mehr \u00fcber ENTWICKLUNGEN IN DER CHARTERREGULIERUNG &#8211; WAS IST 2025 ZU ERWARTEN? \u00c4NDERUNGEN DER RECHTSVORSCHRIFTEN?\" tabindex=\"-1\" >\n\t\t\tLeer m\u00e1s \u00bb\t\t<\/a>\n\n\t\t\t\t<\/div>\n\t\t\t\t<div class=\"elementor-post__meta-data\">\n\t\t\t\t\t<span class=\"elementor-post-author\">\n\t\t\tRolande Sbert\t\t<\/span>\n\t\t\t\t<span class=\"elementor-post-date\">\n\t\t\tM\u00e4rz 6, 2025\t\t<\/span>\n\t\t\t\t<\/div>\n\t\t\t\t\t<\/div>\n\t\t<\/article>\n\t\t\t\t<article class=\"elementor-post elementor-grid-item post-1947 post type-post status-publish format-standard has-post-thumbnail hentry category-unkategorisiert\">\n\t\t\t<div class=\"elementor-post__card\">\n\t\t\t\t<a class=\"elementor-post__thumbnail__link\" href=\"https:\/\/sbert-jaume.com\/de\/yachtcharter-und-iedmt-wie-gilt-die-ausnahme-fuer-nichtansaessige-und-verbundene-unternehmen\/\" tabindex=\"-1\" ><div class=\"elementor-post__thumbnail\"><img loading=\"lazy\" decoding=\"async\" width=\"1600\" height=\"1063\" src=\"https:\/\/sbert-jaume.com\/wp-content\/uploads\/2025\/03\/fwjinfdsin8.jpg\" class=\"attachment-full size-full wp-image-1640\" alt=\"\" srcset=\"https:\/\/sbert-jaume.com\/wp-content\/uploads\/2025\/03\/fwjinfdsin8.jpg 1600w, https:\/\/sbert-jaume.com\/wp-content\/uploads\/2025\/03\/fwjinfdsin8-300x199.jpg 300w, https:\/\/sbert-jaume.com\/wp-content\/uploads\/2025\/03\/fwjinfdsin8-1024x680.jpg 1024w, https:\/\/sbert-jaume.com\/wp-content\/uploads\/2025\/03\/fwjinfdsin8-768x510.jpg 768w, https:\/\/sbert-jaume.com\/wp-content\/uploads\/2025\/03\/fwjinfdsin8-1536x1020.jpg 1536w\" sizes=\"(max-width: 1600px) 100vw, 1600px\" \/><\/div><\/a>\n\t\t\t\t<div class=\"elementor-post__text\">\n\t\t\t\t<h3 class=\"elementor-post__title\">\n\t\t\t<a href=\"https:\/\/sbert-jaume.com\/de\/yachtcharter-und-iedmt-wie-gilt-die-ausnahme-fuer-nichtansaessige-und-verbundene-unternehmen\/\" >\n\t\t\t\tYACHTCHARTER UND IEDMT: WIE GILT DIE AUSNAHME F\u00dcR NICHTANS\u00c4SSIGE UND VERBUNDENE UNTERNEHMEN?\t\t\t<\/a>\n\t\t<\/h3>\n\t\t\t\t<div class=\"elementor-post__excerpt\">\n\t\t\t<p>Immer wieder erhalten wir Anfragen zur Handhabung der Befreiung von der Zulassungssteuer f\u00fcr Charterboote. Dies zwingt uns dazu, so aktuell wie m\u00f6glich zu sein und die verschiedenen M\u00f6glichkeiten zu untersuchen,<\/p>\n\t\t<\/div>\n\t\t\n\t\t<a class=\"elementor-post__read-more\" href=\"https:\/\/sbert-jaume.com\/de\/yachtcharter-und-iedmt-wie-gilt-die-ausnahme-fuer-nichtansaessige-und-verbundene-unternehmen\/\" aria-label=\"Mehr \u00fcber YACHTCHARTER UND IEDMT: WIE GILT DIE AUSNAHME F\u00dcR NICHTANS\u00c4SSIGE UND VERBUNDENE UNTERNEHMEN?\" tabindex=\"-1\" >\n\t\t\tLeer m\u00e1s \u00bb\t\t<\/a>\n\n\t\t\t\t<\/div>\n\t\t\t\t<div class=\"elementor-post__meta-data\">\n\t\t\t\t\t<span class=\"elementor-post-author\">\n\t\t\tRolande Sbert\t\t<\/span>\n\t\t\t\t<span class=\"elementor-post-date\">\n\t\t\tM\u00e4rz 5, 2025\t\t<\/span>\n\t\t\t\t<\/div>\n\t\t\t\t\t<\/div>\n\t\t<\/article>\n\t\t\t\t<article class=\"elementor-post elementor-grid-item post-1956 post type-post status-publish format-standard has-post-thumbnail hentry category-unkategorisiert tag-neues-gesetz tag-stadtisches-grundstuck tag-uberschwemmung-mallorca\">\n\t\t\t<div class=\"elementor-post__card\">\n\t\t\t\t<a class=\"elementor-post__thumbnail__link\" href=\"https:\/\/sbert-jaume.com\/de\/ueberschwemmungsgebiete-in-staedtischen-und-bebaubaren-grundstuecken\/\" tabindex=\"-1\" ><div class=\"elementor-post__thumbnail\"><img loading=\"lazy\" decoding=\"async\" width=\"1600\" height=\"1200\" src=\"https:\/\/sbert-jaume.com\/wp-content\/uploads\/2025\/02\/whs7fpfkwq.jpg\" class=\"attachment-full size-full wp-image-1564\" alt=\"\" srcset=\"https:\/\/sbert-jaume.com\/wp-content\/uploads\/2025\/02\/whs7fpfkwq.jpg 1600w, https:\/\/sbert-jaume.com\/wp-content\/uploads\/2025\/02\/whs7fpfkwq-300x225.jpg 300w, https:\/\/sbert-jaume.com\/wp-content\/uploads\/2025\/02\/whs7fpfkwq-1024x768.jpg 1024w, https:\/\/sbert-jaume.com\/wp-content\/uploads\/2025\/02\/whs7fpfkwq-768x576.jpg 768w, https:\/\/sbert-jaume.com\/wp-content\/uploads\/2025\/02\/whs7fpfkwq-1536x1152.jpg 1536w\" sizes=\"(max-width: 1600px) 100vw, 1600px\" \/><\/div><\/a>\n\t\t\t\t<div class=\"elementor-post__text\">\n\t\t\t\t<h3 class=\"elementor-post__title\">\n\t\t\t<a href=\"https:\/\/sbert-jaume.com\/de\/ueberschwemmungsgebiete-in-staedtischen-und-bebaubaren-grundstuecken\/\" >\n\t\t\t\t\u00dcBERSCHWEMMUNGSGEBIETE IN ST\u00c4DTISCHEN UND BEBAUBAREN GRUNDST\u00dcCKEN\t\t\t<\/a>\n\t\t<\/h3>\n\t\t\t\t<div class=\"elementor-post__excerpt\">\n\t\t\t<p>Vor kurzem haben wir einen ersten Artikel dar\u00fcber ver\u00f6ffentlicht, wie sich die j\u00fcngste Verordnung \u00fcber \u00dcberschwemmungsgebiete auf dem Lande auswirken w\u00fcrde. Da wir nur \u00fcber die Auswirkungen auf l\u00e4ndliche Gebiete<\/p>\n\t\t<\/div>\n\t\t\n\t\t<a class=\"elementor-post__read-more\" href=\"https:\/\/sbert-jaume.com\/de\/ueberschwemmungsgebiete-in-staedtischen-und-bebaubaren-grundstuecken\/\" aria-label=\"Mehr \u00fcber \u00dcBERSCHWEMMUNGSGEBIETE IN ST\u00c4DTISCHEN UND BEBAUBAREN GRUNDST\u00dcCKEN\" tabindex=\"-1\" >\n\t\t\tLeer m\u00e1s \u00bb\t\t<\/a>\n\n\t\t\t\t<\/div>\n\t\t\t\t<div class=\"elementor-post__meta-data\">\n\t\t\t\t\t<span class=\"elementor-post-author\">\n\t\t\tXavier Jaume\t\t<\/span>\n\t\t\t\t<span class=\"elementor-post-date\">\n\t\t\tFebruar 27, 2025\t\t<\/span>\n\t\t\t\t<\/div>\n\t\t\t\t\t<\/div>\n\t\t<\/article>\n\t\t\t\t<article class=\"elementor-post elementor-grid-item post-1953 post type-post status-publish format-standard has-post-thumbnail hentry category-unkategorisiert tag-eigenschaften tag-rustikales-land tag-uberschwemmungen\">\n\t\t\t<div class=\"elementor-post__card\">\n\t\t\t\t<a class=\"elementor-post__thumbnail__link\" href=\"https:\/\/sbert-jaume.com\/de\/bau-von-immobilien-auf-ueberschwemmungsgefaehrdeten-laendlichen-flaechen\/\" tabindex=\"-1\" ><div class=\"elementor-post__thumbnail\"><img loading=\"lazy\" decoding=\"async\" width=\"1600\" height=\"1067\" src=\"https:\/\/sbert-jaume.com\/wp-content\/uploads\/2025\/02\/shcrz1erlus.jpg\" class=\"attachment-full size-full wp-image-1544\" alt=\"\" srcset=\"https:\/\/sbert-jaume.com\/wp-content\/uploads\/2025\/02\/shcrz1erlus.jpg 1600w, https:\/\/sbert-jaume.com\/wp-content\/uploads\/2025\/02\/shcrz1erlus-300x200.jpg 300w, https:\/\/sbert-jaume.com\/wp-content\/uploads\/2025\/02\/shcrz1erlus-1024x683.jpg 1024w, https:\/\/sbert-jaume.com\/wp-content\/uploads\/2025\/02\/shcrz1erlus-768x512.jpg 768w, https:\/\/sbert-jaume.com\/wp-content\/uploads\/2025\/02\/shcrz1erlus-1536x1024.jpg 1536w\" sizes=\"(max-width: 1600px) 100vw, 1600px\" \/><\/div><\/a>\n\t\t\t\t<div class=\"elementor-post__text\">\n\t\t\t\t<h3 class=\"elementor-post__title\">\n\t\t\t<a href=\"https:\/\/sbert-jaume.com\/de\/bau-von-immobilien-auf-ueberschwemmungsgefaehrdeten-laendlichen-flaechen\/\" >\n\t\t\t\tBAU VON IMMOBILIEN AUF \u00dcBERSCHWEMMUNGSGEF\u00c4HRDETEN L\u00c4NDLICHEN FL\u00c4CHEN:\t\t\t<\/a>\n\t\t<\/h3>\n\t\t\t\t<div class=\"elementor-post__excerpt\">\n\t\t\t<p>Im Oktober 2024 erlebte die Autonome Gemeinschaft Valencia eine noch nie dagewesene Katastrophe. Intensive Regenf\u00e4lle, gepaart mit der Ineffizienz der Beh\u00f6rden, f\u00fchrten zu schweren \u00dcberschwemmungen, die alle Arten von Bauten<\/p>\n\t\t<\/div>\n\t\t\n\t\t<a class=\"elementor-post__read-more\" href=\"https:\/\/sbert-jaume.com\/de\/bau-von-immobilien-auf-ueberschwemmungsgefaehrdeten-laendlichen-flaechen\/\" aria-label=\"Mehr \u00fcber BAU VON IMMOBILIEN AUF \u00dcBERSCHWEMMUNGSGEF\u00c4HRDETEN L\u00c4NDLICHEN FL\u00c4CHEN:\" tabindex=\"-1\" >\n\t\t\tLeer m\u00e1s \u00bb\t\t<\/a>\n\n\t\t\t\t<\/div>\n\t\t\t\t<div class=\"elementor-post__meta-data\">\n\t\t\t\t\t<span class=\"elementor-post-author\">\n\t\t\tXavier Jaume\t\t<\/span>\n\t\t\t\t<span class=\"elementor-post-date\">\n\t\t\tFebruar 25, 2025\t\t<\/span>\n\t\t\t\t<\/div>\n\t\t\t\t\t<\/div>\n\t\t<\/article>\n\t\t\t\t<\/div>\n\t\t\n\t\t\t\t\t\t<\/div>\n\t\t\t\t<\/div>\n\t\t\t\t\t<\/div>\n\t\t<\/div>\n\t\t\t\t\t<\/div>\n\t\t<\/section>\n\t\t\t\t<\/div>\n\t\t","protected":false},"excerpt":{"rendered":"<p>Nachrichten<\/p>\n","protected":false},"author":1,"featured_media":0,"parent":0,"menu_order":0,"comment_status":"closed","ping_status":"closed","template":"","meta":{"episode_type":"","audio_file":"","cover_image":"","cover_image_id":"","duration":"","filesize":"","date_recorded":"","explicit":"","block":"","filesize_raw":"","footnotes":""},"class_list":["post-784","page","type-page","status-publish","hentry"],"yoast_head":"<!-- This site is optimized with the Yoast SEO plugin v24.3 - https:\/\/yoast.com\/wordpress\/plugins\/seo\/ -->\n<title>Nachrichten - Sbert &amp; Jaume \u2013 Marine and real estate law<\/title>\n<meta name=\"robots\" content=\"index, follow, max-snippet:-1, max-image-preview:large, max-video-preview:-1\" \/>\n<link rel=\"canonical\" href=\"https:\/\/sbert-jaume.com\/de\/nachrichten\/\" \/>\n<meta property=\"og:locale\" content=\"de_DE\" \/>\n<meta property=\"og:type\" content=\"article\" \/>\n<meta property=\"og:title\" content=\"Nachrichten - Sbert &amp; Jaume \u2013 Marine and real estate law\" \/>\n<meta property=\"og:description\" content=\"Nachrichten\" \/>\n<meta property=\"og:url\" content=\"https:\/\/sbert-jaume.com\/de\/nachrichten\/\" \/>\n<meta property=\"og:site_name\" content=\"Sbert &amp; Jaume \u2013 Marine and real estate law\" \/>\n<meta property=\"article:modified_time\" content=\"2025-03-14T09:53:19+00:00\" \/>\n<meta name=\"twitter:card\" content=\"summary_large_image\" \/>\n<meta name=\"twitter:label1\" content=\"Gesch\u00e4tzte Lesezeit\" \/>\n\t<meta name=\"twitter:data1\" content=\"6\u00a0Minuten\" \/>\n<script type=\"application\/ld+json\" class=\"yoast-schema-graph\">{\"@context\":\"https:\/\/schema.org\",\"@graph\":[{\"@type\":\"WebPage\",\"@id\":\"https:\/\/sbert-jaume.com\/de\/nachrichten\/\",\"url\":\"https:\/\/sbert-jaume.com\/de\/nachrichten\/\",\"name\":\"Nachrichten - Sbert &amp; Jaume \u2013 Marine and real estate law\",\"isPartOf\":{\"@id\":\"https:\/\/sbert-jaume.com\/de\/#website\"},\"datePublished\":\"2022-12-13T12:24:25+00:00\",\"dateModified\":\"2025-03-14T09:53:19+00:00\",\"breadcrumb\":{\"@id\":\"https:\/\/sbert-jaume.com\/de\/nachrichten\/#breadcrumb\"},\"inLanguage\":\"de\",\"potentialAction\":[{\"@type\":\"ReadAction\",\"target\":[\"https:\/\/sbert-jaume.com\/de\/nachrichten\/\"]}]},{\"@type\":\"BreadcrumbList\",\"@id\":\"https:\/\/sbert-jaume.com\/de\/nachrichten\/#breadcrumb\",\"itemListElement\":[{\"@type\":\"ListItem\",\"position\":1,\"name\":\"Portada\",\"item\":\"https:\/\/sbert-jaume.com\/de\/\"},{\"@type\":\"ListItem\",\"position\":2,\"name\":\"Nachrichten\"}]},{\"@type\":\"WebSite\",\"@id\":\"https:\/\/sbert-jaume.com\/de\/#website\",\"url\":\"https:\/\/sbert-jaume.com\/de\/\",\"name\":\"Sbert Jaume \u2013 Marine and real estate law\",\"description\":\"\",\"publisher\":{\"@id\":\"https:\/\/sbert-jaume.com\/de\/#organization\"},\"potentialAction\":[{\"@type\":\"SearchAction\",\"target\":{\"@type\":\"EntryPoint\",\"urlTemplate\":\"https:\/\/sbert-jaume.com\/de\/?s={search_term_string}\"},\"query-input\":{\"@type\":\"PropertyValueSpecification\",\"valueRequired\":true,\"valueName\":\"search_term_string\"}}],\"inLanguage\":\"de\"},{\"@type\":\"Organization\",\"@id\":\"https:\/\/sbert-jaume.com\/de\/#organization\",\"name\":\"Sbert Jaume \u2013 Marine and real estate law\",\"url\":\"https:\/\/sbert-jaume.com\/de\/\",\"logo\":{\"@type\":\"ImageObject\",\"inLanguage\":\"de\",\"@id\":\"https:\/\/sbert-jaume.com\/de\/#\/schema\/logo\/image\/\",\"url\":\"https:\/\/sbert-jaume.com\/wp-content\/uploads\/2022\/12\/logo-sbert-horz.svg\",\"contentUrl\":\"https:\/\/sbert-jaume.com\/wp-content\/uploads\/2022\/12\/logo-sbert-horz.svg\",\"width\":245,\"height\":37,\"caption\":\"Sbert Jaume \u2013 Marine and real estate law\"},\"image\":{\"@id\":\"https:\/\/sbert-jaume.com\/de\/#\/schema\/logo\/image\/\"},\"sameAs\":[\"https:\/\/www.instagram.com\/sbert_jaume_lawyers\/\"]}]}<\/script>\n<!-- \/ Yoast SEO plugin. -->","yoast_head_json":{"title":"Nachrichten - Sbert &amp; Jaume \u2013 Marine and real estate law","robots":{"index":"index","follow":"follow","max-snippet":"max-snippet:-1","max-image-preview":"max-image-preview:large","max-video-preview":"max-video-preview:-1"},"canonical":"https:\/\/sbert-jaume.com\/de\/nachrichten\/","og_locale":"de_DE","og_type":"article","og_title":"Nachrichten - Sbert &amp; Jaume \u2013 Marine and real estate law","og_description":"Nachrichten","og_url":"https:\/\/sbert-jaume.com\/de\/nachrichten\/","og_site_name":"Sbert &amp; Jaume \u2013 Marine and real estate law","article_modified_time":"2025-03-14T09:53:19+00:00","twitter_card":"summary_large_image","twitter_misc":{"Gesch\u00e4tzte Lesezeit":"6\u00a0Minuten"},"schema":{"@context":"https:\/\/schema.org","@graph":[{"@type":"WebPage","@id":"https:\/\/sbert-jaume.com\/de\/nachrichten\/","url":"https:\/\/sbert-jaume.com\/de\/nachrichten\/","name":"Nachrichten - Sbert &amp; Jaume \u2013 Marine and real estate law","isPartOf":{"@id":"https:\/\/sbert-jaume.com\/de\/#website"},"datePublished":"2022-12-13T12:24:25+00:00","dateModified":"2025-03-14T09:53:19+00:00","breadcrumb":{"@id":"https:\/\/sbert-jaume.com\/de\/nachrichten\/#breadcrumb"},"inLanguage":"de","potentialAction":[{"@type":"ReadAction","target":["https:\/\/sbert-jaume.com\/de\/nachrichten\/"]}]},{"@type":"BreadcrumbList","@id":"https:\/\/sbert-jaume.com\/de\/nachrichten\/#breadcrumb","itemListElement":[{"@type":"ListItem","position":1,"name":"Portada","item":"https:\/\/sbert-jaume.com\/de\/"},{"@type":"ListItem","position":2,"name":"Nachrichten"}]},{"@type":"WebSite","@id":"https:\/\/sbert-jaume.com\/de\/#website","url":"https:\/\/sbert-jaume.com\/de\/","name":"Sbert Jaume \u2013 Marine and real estate law","description":"","publisher":{"@id":"https:\/\/sbert-jaume.com\/de\/#organization"},"potentialAction":[{"@type":"SearchAction","target":{"@type":"EntryPoint","urlTemplate":"https:\/\/sbert-jaume.com\/de\/?s={search_term_string}"},"query-input":{"@type":"PropertyValueSpecification","valueRequired":true,"valueName":"search_term_string"}}],"inLanguage":"de"},{"@type":"Organization","@id":"https:\/\/sbert-jaume.com\/de\/#organization","name":"Sbert Jaume \u2013 Marine and real estate law","url":"https:\/\/sbert-jaume.com\/de\/","logo":{"@type":"ImageObject","inLanguage":"de","@id":"https:\/\/sbert-jaume.com\/de\/#\/schema\/logo\/image\/","url":"https:\/\/sbert-jaume.com\/wp-content\/uploads\/2022\/12\/logo-sbert-horz.svg","contentUrl":"https:\/\/sbert-jaume.com\/wp-content\/uploads\/2022\/12\/logo-sbert-horz.svg","width":245,"height":37,"caption":"Sbert Jaume \u2013 Marine and real estate law"},"image":{"@id":"https:\/\/sbert-jaume.com\/de\/#\/schema\/logo\/image\/"},"sameAs":["https:\/\/www.instagram.com\/sbert_jaume_lawyers\/"]}]}},"_links":{"self":[{"href":"https:\/\/sbert-jaume.com\/de\/wp-json\/wp\/v2\/pages\/784","targetHints":{"allow":["GET"]}}],"collection":[{"href":"https:\/\/sbert-jaume.com\/de\/wp-json\/wp\/v2\/pages"}],"about":[{"href":"https:\/\/sbert-jaume.com\/de\/wp-json\/wp\/v2\/types\/page"}],"author":[{"embeddable":true,"href":"https:\/\/sbert-jaume.com\/de\/wp-json\/wp\/v2\/users\/1"}],"replies":[{"embeddable":true,"href":"https:\/\/sbert-jaume.com\/de\/wp-json\/wp\/v2\/comments?post=784"}],"version-history":[{"count":10,"href":"https:\/\/sbert-jaume.com\/de\/wp-json\/wp\/v2\/pages\/784\/revisions"}],"predecessor-version":[{"id":1960,"href":"https:\/\/sbert-jaume.com\/de\/wp-json\/wp\/v2\/pages\/784\/revisions\/1960"}],"wp:attachment":[{"href":"https:\/\/sbert-jaume.com\/de\/wp-json\/wp\/v2\/media?parent=784"}],"curies":[{"name":"wp","href":"https:\/\/api.w.org\/{rel}","templated":true}]}}