{"id":305,"date":"2022-12-13T12:24:25","date_gmt":"2022-12-13T12:24:25","guid":{"rendered":"https:\/\/web02test.nubaltec.net\/sbert\/?page_id=305"},"modified":"2025-01-24T14:40:18","modified_gmt":"2025-01-24T14:40:18","slug":"noticias","status":"publish","type":"page","link":"https:\/\/sbert-jaume.com\/es\/noticias\/","title":{"rendered":"Noticias"},"content":{"rendered":"<div id=\"bsf_rt_marker\"><\/div>\t\t<div data-elementor-type=\"wp-page\" data-elementor-id=\"305\" class=\"elementor elementor-305\" data-elementor-post-type=\"page\">\n\t\t\t\t\t\t<section class=\"elementor-section elementor-top-section elementor-element elementor-element-d122eda elementor-section-boxed elementor-section-height-default elementor-section-height-default elementor-invisible\" data-id=\"d122eda\" data-element_type=\"section\" data-settings=\"{&quot;animation&quot;:&quot;fadeInUp&quot;}\">\n\t\t\t\t\t\t<div class=\"elementor-container elementor-column-gap-default\">\n\t\t\t\t\t<div class=\"elementor-column elementor-col-100 elementor-top-column elementor-element elementor-element-d0ea937\" data-id=\"d0ea937\" data-element_type=\"column\">\n\t\t\t<div class=\"elementor-widget-wrap elementor-element-populated\">\n\t\t\t\t\t\t<div class=\"elementor-element elementor-element-689658d elementor-widget elementor-widget-heading\" data-id=\"689658d\" data-element_type=\"widget\" data-widget_type=\"heading.default\">\n\t\t\t\t<div class=\"elementor-widget-container\">\n\t\t\t\t\t<h2 class=\"elementor-heading-title elementor-size-default\">noticias<\/h2>\t\t\t\t<\/div>\n\t\t\t\t<\/div>\n\t\t\t\t<div class=\"elementor-element elementor-element-53a3b96 elementor-grid-2 elementor-grid-tablet-2 elementor-grid-mobile-1 elementor-posts--thumbnail-top elementor-posts__hover-gradient elementor-widget elementor-widget-posts\" data-id=\"53a3b96\" data-element_type=\"widget\" data-settings=\"{&quot;cards_columns&quot;:&quot;2&quot;,&quot;cards_columns_tablet&quot;:&quot;2&quot;,&quot;cards_columns_mobile&quot;:&quot;1&quot;,&quot;cards_row_gap&quot;:{&quot;unit&quot;:&quot;px&quot;,&quot;size&quot;:35,&quot;sizes&quot;:[]},&quot;cards_row_gap_tablet&quot;:{&quot;unit&quot;:&quot;px&quot;,&quot;size&quot;:&quot;&quot;,&quot;sizes&quot;:[]},&quot;cards_row_gap_mobile&quot;:{&quot;unit&quot;:&quot;px&quot;,&quot;size&quot;:&quot;&quot;,&quot;sizes&quot;:[]}}\" data-widget_type=\"posts.cards\">\n\t\t\t\t<div class=\"elementor-widget-container\">\n\t\t\t\t\t\t\t<div class=\"elementor-posts-container elementor-posts elementor-posts--skin-cards elementor-grid\">\n\t\t\t\t<article class=\"elementor-post elementor-grid-item post-2008 post type-post status-publish format-standard has-post-thumbnail hentry category-sin-categorizar\">\n\t\t\t<div class=\"elementor-post__card\">\n\t\t\t\t<a class=\"elementor-post__thumbnail__link\" href=\"https:\/\/sbert-jaume.com\/es\/como-embargar-un-yate-en-espana\/\" tabindex=\"-1\" ><div class=\"elementor-post__thumbnail\"><img fetchpriority=\"high\" decoding=\"async\" width=\"1000\" height=\"563\" src=\"https:\/\/sbert-jaume.com\/wp-content\/uploads\/2022\/12\/maritimo-mallorca.jpg\" class=\"attachment-full size-full wp-image-263\" alt=\"\" srcset=\"https:\/\/sbert-jaume.com\/wp-content\/uploads\/2022\/12\/maritimo-mallorca.jpg 1000w, https:\/\/sbert-jaume.com\/wp-content\/uploads\/2022\/12\/maritimo-mallorca-300x169.jpg 300w, https:\/\/sbert-jaume.com\/wp-content\/uploads\/2022\/12\/maritimo-mallorca-768x432.jpg 768w\" sizes=\"(max-width: 1000px) 100vw, 1000px\" \/><\/div><\/a>\n\t\t\t\t<div class=\"elementor-post__text\">\n\t\t\t\t<h3 class=\"elementor-post__title\">\n\t\t\t<a href=\"https:\/\/sbert-jaume.com\/es\/como-embargar-un-yate-en-espana\/\" >\n\t\t\t\tC\u00d3MO EMBARGAR UN YATE EN ESPA\u00d1A\t\t\t<\/a>\n\t\t<\/h3>\n\t\t\t\t<div class=\"elementor-post__excerpt\">\n\t\t\t<p>El embargo preventivo de un yate en Espa\u00f1a es una herramienta jur\u00eddica de enorme utilidad para proteger los derechos de acreedores que ostentan un cr\u00e9dito mar\u00edtimo frente a una embarcaci\u00f3n.<\/p>\n\t\t<\/div>\n\t\t\n\t\t<a class=\"elementor-post__read-more\" href=\"https:\/\/sbert-jaume.com\/es\/como-embargar-un-yate-en-espana\/\" aria-label=\"M\u00e1s informaci\u00f3n sobre C\u00d3MO EMBARGAR UN YATE EN ESPA\u00d1A\" tabindex=\"-1\" >\n\t\t\tLeer m\u00e1s \u00bb\t\t<\/a>\n\n\t\t\t\t<\/div>\n\t\t\t\t<div class=\"elementor-post__meta-data\">\n\t\t\t\t\t<span class=\"elementor-post-author\">\n\t\t\tRolande Sbert\t\t<\/span>\n\t\t\t\t<span class=\"elementor-post-date\">\n\t\t\tmarzo 12, 2026\t\t<\/span>\n\t\t\t\t<\/div>\n\t\t\t\t\t<\/div>\n\t\t<\/article>\n\t\t\t\t<article class=\"elementor-post elementor-grid-item post-1999 post type-post status-publish format-standard has-post-thumbnail hentry category-sin-categorizar\">\n\t\t\t<div class=\"elementor-post__card\">\n\t\t\t\t<a class=\"elementor-post__thumbnail__link\" href=\"https:\/\/sbert-jaume.com\/es\/no-residente-y-herencia-con-inmueble-en-espana-por-que-suelen-intervenir-dos-paises\/\" tabindex=\"-1\" ><div class=\"elementor-post__thumbnail\"><img decoding=\"async\" width=\"675\" height=\"1200\" src=\"https:\/\/sbert-jaume.com\/wp-content\/uploads\/2025\/03\/6fwo1mn-9u8.jpg\" class=\"attachment-full size-full wp-image-1925\" alt=\"\" srcset=\"https:\/\/sbert-jaume.com\/wp-content\/uploads\/2025\/03\/6fwo1mn-9u8.jpg 675w, https:\/\/sbert-jaume.com\/wp-content\/uploads\/2025\/03\/6fwo1mn-9u8-169x300.jpg 169w, https:\/\/sbert-jaume.com\/wp-content\/uploads\/2025\/03\/6fwo1mn-9u8-576x1024.jpg 576w\" sizes=\"(max-width: 675px) 100vw, 675px\" \/><\/div><\/a>\n\t\t\t\t<div class=\"elementor-post__text\">\n\t\t\t\t<h3 class=\"elementor-post__title\">\n\t\t\t<a href=\"https:\/\/sbert-jaume.com\/es\/no-residente-y-herencia-con-inmueble-en-espana-por-que-suelen-intervenir-dos-paises\/\" >\n\t\t\t\tNO RESIDENTE Y HERENCIA CON INMUEBLE EN ESPA\u00d1A: POR QU\u00c9 SUELEN INTERVENIR DOS PAISES\t\t\t<\/a>\n\t\t<\/h3>\n\t\t\t\t<div class=\"elementor-post__excerpt\">\n\t\t\t<p>Cuando el causante o los herederos son\u00a0no residentes fiscales en Espa\u00f1a, pero existe un\u00a0inmueble situado en Espa\u00f1a, la sucesi\u00f3n suele requerir tr\u00e1mites en dos \u201cplanos\u201d:\u00a0(1)\u00a0el del pa\u00eds de residencia\/origen, donde<\/p>\n\t\t<\/div>\n\t\t\n\t\t<a class=\"elementor-post__read-more\" href=\"https:\/\/sbert-jaume.com\/es\/no-residente-y-herencia-con-inmueble-en-espana-por-que-suelen-intervenir-dos-paises\/\" aria-label=\"M\u00e1s informaci\u00f3n sobre NO RESIDENTE Y HERENCIA CON INMUEBLE EN ESPA\u00d1A: POR QU\u00c9 SUELEN INTERVENIR DOS PAISES\" tabindex=\"-1\" >\n\t\t\tLeer m\u00e1s \u00bb\t\t<\/a>\n\n\t\t\t\t<\/div>\n\t\t\t\t<div class=\"elementor-post__meta-data\">\n\t\t\t\t\t<span class=\"elementor-post-author\">\n\t\t\tRolande Sbert\t\t<\/span>\n\t\t\t\t<span class=\"elementor-post-date\">\n\t\t\tmarzo 5, 2026\t\t<\/span>\n\t\t\t\t<\/div>\n\t\t\t\t\t<\/div>\n\t\t<\/article>\n\t\t\t\t<article class=\"elementor-post elementor-grid-item post-1937 post type-post status-publish format-standard has-post-thumbnail hentry category-sin-clasificar\">\n\t\t\t<div class=\"elementor-post__card\">\n\t\t\t\t<a class=\"elementor-post__thumbnail__link\" href=\"https:\/\/sbert-jaume.com\/es\/novedades-en-la-regulacion-del-charter-que-esperar-en-2025-cambios-legislativos\/\" tabindex=\"-1\" ><div class=\"elementor-post__thumbnail\"><img decoding=\"async\" width=\"1600\" height=\"900\" src=\"https:\/\/sbert-jaume.com\/wp-content\/uploads\/2025\/03\/kis25n89ph4.jpg\" class=\"attachment-full size-full wp-image-1745\" alt=\"\" srcset=\"https:\/\/sbert-jaume.com\/wp-content\/uploads\/2025\/03\/kis25n89ph4.jpg 1600w, https:\/\/sbert-jaume.com\/wp-content\/uploads\/2025\/03\/kis25n89ph4-300x169.jpg 300w, https:\/\/sbert-jaume.com\/wp-content\/uploads\/2025\/03\/kis25n89ph4-1024x576.jpg 1024w, https:\/\/sbert-jaume.com\/wp-content\/uploads\/2025\/03\/kis25n89ph4-768x432.jpg 768w, https:\/\/sbert-jaume.com\/wp-content\/uploads\/2025\/03\/kis25n89ph4-1536x864.jpg 1536w\" sizes=\"(max-width: 1600px) 100vw, 1600px\" \/><\/div><\/a>\n\t\t\t\t<div class=\"elementor-post__text\">\n\t\t\t\t<h3 class=\"elementor-post__title\">\n\t\t\t<a href=\"https:\/\/sbert-jaume.com\/es\/novedades-en-la-regulacion-del-charter-que-esperar-en-2025-cambios-legislativos\/\" >\n\t\t\t\tNOVEDADES EN LA REGULACI\u00d3N DEL CHARTER \u00bfQU\u00c9 ESPERAR EN 2025? \u00bfCAMBIOS LEGISLATIVOS?\t\t\t<\/a>\n\t\t<\/h3>\n\t\t\t\t<div class=\"elementor-post__excerpt\">\n\t\t\t<p>\u00a1Est\u00e1 claro! este a\u00f1o 2025 posiblemente sea el a\u00f1o en el que la normativa que regula la actividad del ch\u00e1rter sea profundamente modificada. Por un lado, el pr\u00f3ximo 15 de<\/p>\n\t\t<\/div>\n\t\t\n\t\t<a class=\"elementor-post__read-more\" href=\"https:\/\/sbert-jaume.com\/es\/novedades-en-la-regulacion-del-charter-que-esperar-en-2025-cambios-legislativos\/\" aria-label=\"M\u00e1s informaci\u00f3n sobre NOVEDADES EN LA REGULACI\u00d3N DEL CHARTER \u00bfQU\u00c9 ESPERAR EN 2025? \u00bfCAMBIOS LEGISLATIVOS?\" tabindex=\"-1\" >\n\t\t\tLeer m\u00e1s \u00bb\t\t<\/a>\n\n\t\t\t\t<\/div>\n\t\t\t\t<div class=\"elementor-post__meta-data\">\n\t\t\t\t\t<span class=\"elementor-post-author\">\n\t\t\tRolande Sbert\t\t<\/span>\n\t\t\t\t<span class=\"elementor-post-date\">\n\t\t\tmarzo 6, 2025\t\t<\/span>\n\t\t\t\t<\/div>\n\t\t\t\t\t<\/div>\n\t\t<\/article>\n\t\t\t\t<article class=\"elementor-post elementor-grid-item post-1945 post type-post status-publish format-standard has-post-thumbnail hentry category-sin-clasificar\">\n\t\t\t<div class=\"elementor-post__card\">\n\t\t\t\t<a class=\"elementor-post__thumbnail__link\" href=\"https:\/\/sbert-jaume.com\/es\/charter-nautico-y-el-iedmt-como-aplica-la-exencion-a-no-residentes-y-entidades-vinculadas\/\" tabindex=\"-1\" ><div class=\"elementor-post__thumbnail\"><img loading=\"lazy\" decoding=\"async\" width=\"1600\" height=\"1063\" src=\"https:\/\/sbert-jaume.com\/wp-content\/uploads\/2025\/03\/fwjinfdsin8.jpg\" class=\"attachment-full size-full wp-image-1641\" alt=\"\" srcset=\"https:\/\/sbert-jaume.com\/wp-content\/uploads\/2025\/03\/fwjinfdsin8.jpg 1600w, https:\/\/sbert-jaume.com\/wp-content\/uploads\/2025\/03\/fwjinfdsin8-300x199.jpg 300w, https:\/\/sbert-jaume.com\/wp-content\/uploads\/2025\/03\/fwjinfdsin8-1024x680.jpg 1024w, https:\/\/sbert-jaume.com\/wp-content\/uploads\/2025\/03\/fwjinfdsin8-768x510.jpg 768w, https:\/\/sbert-jaume.com\/wp-content\/uploads\/2025\/03\/fwjinfdsin8-1536x1020.jpg 1536w\" sizes=\"(max-width: 1600px) 100vw, 1600px\" \/><\/div><\/a>\n\t\t\t\t<div class=\"elementor-post__text\">\n\t\t\t\t<h3 class=\"elementor-post__title\">\n\t\t\t<a href=\"https:\/\/sbert-jaume.com\/es\/charter-nautico-y-el-iedmt-como-aplica-la-exencion-a-no-residentes-y-entidades-vinculadas\/\" >\n\t\t\t\tCHARTER N\u00c1UTICO Y EL IEDMT: \u00bfC\u00d3MO APLICA LA EXENCION A NO RESIDENTES Y ENTIDADES VINCULADAS?\t\t\t<\/a>\n\t\t<\/h3>\n\t\t\t\t<div class=\"elementor-post__excerpt\">\n\t\t\t<p>Es bastante frecuente que recibamos consultas sobre la tramitaci\u00f3n de la exenci\u00f3n del Impuesto de Matriculaci\u00f3n en las embarcaciones de Charter. Esto nos obliga a estar lo m\u00e1s actualizados posible<\/p>\n\t\t<\/div>\n\t\t\n\t\t<a class=\"elementor-post__read-more\" href=\"https:\/\/sbert-jaume.com\/es\/charter-nautico-y-el-iedmt-como-aplica-la-exencion-a-no-residentes-y-entidades-vinculadas\/\" aria-label=\"M\u00e1s informaci\u00f3n sobre CHARTER N\u00c1UTICO Y EL IEDMT: \u00bfC\u00d3MO APLICA LA EXENCION A NO RESIDENTES Y ENTIDADES VINCULADAS?\" tabindex=\"-1\" >\n\t\t\tLeer m\u00e1s \u00bb\t\t<\/a>\n\n\t\t\t\t<\/div>\n\t\t\t\t<div class=\"elementor-post__meta-data\">\n\t\t\t\t\t<span class=\"elementor-post-author\">\n\t\t\tRolande Sbert\t\t<\/span>\n\t\t\t\t<span class=\"elementor-post-date\">\n\t\t\tmarzo 5, 2025\t\t<\/span>\n\t\t\t\t<\/div>\n\t\t\t\t\t<\/div>\n\t\t<\/article>\n\t\t\t\t<article class=\"elementor-post elementor-grid-item post-1553 post type-post status-publish format-standard has-post-thumbnail hentry category-sin-categorizar tag-abogados-2 tag-locales tag-mallorca tag-suelo-urbano tag-zona-inundables\">\n\t\t\t<div class=\"elementor-post__card\">\n\t\t\t\t<a class=\"elementor-post__thumbnail__link\" href=\"https:\/\/sbert-jaume.com\/es\/zonas-inundables-en-suelo-urbano-y-urbanizable\/\" tabindex=\"-1\" ><div class=\"elementor-post__thumbnail\"><img loading=\"lazy\" decoding=\"async\" width=\"800\" height=\"1200\" src=\"https:\/\/sbert-jaume.com\/wp-content\/uploads\/2025\/02\/awrx_fmuses.jpg\" class=\"attachment-full size-full wp-image-1554\" alt=\"black metal trash bin beside bare tree on snow covered ground during daytime\" srcset=\"https:\/\/sbert-jaume.com\/wp-content\/uploads\/2025\/02\/awrx_fmuses.jpg 800w, https:\/\/sbert-jaume.com\/wp-content\/uploads\/2025\/02\/awrx_fmuses-200x300.jpg 200w, https:\/\/sbert-jaume.com\/wp-content\/uploads\/2025\/02\/awrx_fmuses-683x1024.jpg 683w, https:\/\/sbert-jaume.com\/wp-content\/uploads\/2025\/02\/awrx_fmuses-768x1152.jpg 768w\" sizes=\"(max-width: 800px) 100vw, 800px\" \/><\/div><\/a>\n\t\t\t\t<div class=\"elementor-post__text\">\n\t\t\t\t<h3 class=\"elementor-post__title\">\n\t\t\t<a href=\"https:\/\/sbert-jaume.com\/es\/zonas-inundables-en-suelo-urbano-y-urbanizable\/\" >\n\t\t\t\tZONAS INUNDABLES EN SUELO URBANO Y URBANIZABLE\t\t\t<\/a>\n\t\t<\/h3>\n\t\t\t\t<div class=\"elementor-post__excerpt\">\n\t\t\t<p>Recientemente, publicamos un primer art\u00edculo sobre c\u00f3mo afectar\u00eda la reciente regulaci\u00f3n de las zonas inundables en suelo r\u00fastico en Baleares. Dado que solo hablamos de su impacto en suelo r\u00fastico<\/p>\n\t\t<\/div>\n\t\t\n\t\t<a class=\"elementor-post__read-more\" href=\"https:\/\/sbert-jaume.com\/es\/zonas-inundables-en-suelo-urbano-y-urbanizable\/\" aria-label=\"M\u00e1s informaci\u00f3n sobre ZONAS INUNDABLES EN SUELO URBANO Y URBANIZABLE\" tabindex=\"-1\" >\n\t\t\tLeer m\u00e1s \u00bb\t\t<\/a>\n\n\t\t\t\t<\/div>\n\t\t\t\t<div class=\"elementor-post__meta-data\">\n\t\t\t\t\t<span class=\"elementor-post-author\">\n\t\t\tXavier Jaume\t\t<\/span>\n\t\t\t\t<span class=\"elementor-post-date\">\n\t\t\tfebrero 27, 2025\t\t<\/span>\n\t\t\t\t<\/div>\n\t\t\t\t\t<\/div>\n\t\t<\/article>\n\t\t\t\t<article class=\"elementor-post elementor-grid-item post-1541 post type-post status-publish format-standard has-post-thumbnail hentry category-non-classifiee\">\n\t\t\t<div class=\"elementor-post__card\">\n\t\t\t\t<a class=\"elementor-post__thumbnail__link\" href=\"https:\/\/sbert-jaume.com\/es\/la-construccion-de-viviendas-en-suelo-rustico-inundable\/\" tabindex=\"-1\" ><div class=\"elementor-post__thumbnail\"><img loading=\"lazy\" decoding=\"async\" width=\"1600\" height=\"1067\" src=\"https:\/\/sbert-jaume.com\/wp-content\/uploads\/2025\/02\/shcrz1erlus.jpg\" class=\"attachment-full size-full wp-image-1542\" alt=\"grayscale photo of water waves\" srcset=\"https:\/\/sbert-jaume.com\/wp-content\/uploads\/2025\/02\/shcrz1erlus.jpg 1600w, https:\/\/sbert-jaume.com\/wp-content\/uploads\/2025\/02\/shcrz1erlus-300x200.jpg 300w, https:\/\/sbert-jaume.com\/wp-content\/uploads\/2025\/02\/shcrz1erlus-1024x683.jpg 1024w, https:\/\/sbert-jaume.com\/wp-content\/uploads\/2025\/02\/shcrz1erlus-768x512.jpg 768w, https:\/\/sbert-jaume.com\/wp-content\/uploads\/2025\/02\/shcrz1erlus-1536x1024.jpg 1536w\" sizes=\"(max-width: 1600px) 100vw, 1600px\" \/><\/div><\/a>\n\t\t\t\t<div class=\"elementor-post__text\">\n\t\t\t\t<h3 class=\"elementor-post__title\">\n\t\t\t<a href=\"https:\/\/sbert-jaume.com\/es\/la-construccion-de-viviendas-en-suelo-rustico-inundable\/\" >\n\t\t\t\tLA CONSTRUCCI\u00d3N DE VIVIENDAS EN SUELO R\u00daSTICO INUNDABLE\t\t\t<\/a>\n\t\t<\/h3>\n\t\t\t\t<div class=\"elementor-post__excerpt\">\n\t\t\t<p>Un breve repaso sobre la nueva norma sobre construcciones situadas en suelo r\u00fastico inundable.<\/p>\n\t\t<\/div>\n\t\t\n\t\t<a class=\"elementor-post__read-more\" href=\"https:\/\/sbert-jaume.com\/es\/la-construccion-de-viviendas-en-suelo-rustico-inundable\/\" aria-label=\"M\u00e1s informaci\u00f3n sobre LA CONSTRUCCI\u00d3N DE VIVIENDAS EN SUELO R\u00daSTICO INUNDABLE\" tabindex=\"-1\" >\n\t\t\tLeer m\u00e1s \u00bb\t\t<\/a>\n\n\t\t\t\t<\/div>\n\t\t\t\t<div class=\"elementor-post__meta-data\">\n\t\t\t\t\t<span class=\"elementor-post-author\">\n\t\t\tXavier Jaume\t\t<\/span>\n\t\t\t\t<span class=\"elementor-post-date\">\n\t\t\tfebrero 25, 2025\t\t<\/span>\n\t\t\t\t<\/div>\n\t\t\t\t\t<\/div>\n\t\t<\/article>\n\t\t\t\t<\/div>\n\t\t\n\t\t\t\t\t\t<\/div>\n\t\t\t\t<\/div>\n\t\t\t\t\t<\/div>\n\t\t<\/div>\n\t\t\t\t\t<\/div>\n\t\t<\/section>\n\t\t\t\t<\/div>\n\t\t","protected":false},"excerpt":{"rendered":"<p>noticias<\/p>\n","protected":false},"author":1,"featured_media":0,"parent":0,"menu_order":0,"comment_status":"closed","ping_status":"closed","template":"","meta":{"episode_type":"","audio_file":"","cover_image":"","cover_image_id":"","duration":"","filesize":"","date_recorded":"","explicit":"","block":"","filesize_raw":"","footnotes":""},"class_list":["post-305","page","type-page","status-publish","hentry"],"yoast_head":"<!-- This site is optimized with the Yoast SEO plugin v24.3 - https:\/\/yoast.com\/wordpress\/plugins\/seo\/ -->\n<title>Noticias - Sbert &amp; Jaume \u2013 Marine and real estate law<\/title>\n<meta name=\"robots\" content=\"index, follow, max-snippet:-1, max-image-preview:large, max-video-preview:-1\" \/>\n<link rel=\"canonical\" href=\"https:\/\/sbert-jaume.com\/es\/noticias\/\" \/>\n<meta property=\"og:locale\" content=\"es_ES\" \/>\n<meta property=\"og:type\" content=\"article\" \/>\n<meta property=\"og:title\" content=\"Noticias - Sbert &amp; Jaume \u2013 Marine and real estate law\" \/>\n<meta property=\"og:description\" content=\"noticias\" \/>\n<meta property=\"og:url\" content=\"https:\/\/sbert-jaume.com\/es\/noticias\/\" \/>\n<meta property=\"og:site_name\" content=\"Sbert &amp; Jaume \u2013 Marine and real estate law\" \/>\n<meta property=\"article:modified_time\" content=\"2025-01-24T14:40:18+00:00\" \/>\n<meta name=\"twitter:card\" content=\"summary_large_image\" \/>\n<meta name=\"twitter:label1\" content=\"Tiempo de lectura\" \/>\n\t<meta name=\"twitter:data1\" content=\"5 minutos\" \/>\n<script type=\"application\/ld+json\" class=\"yoast-schema-graph\">{\"@context\":\"https:\/\/schema.org\",\"@graph\":[{\"@type\":\"WebPage\",\"@id\":\"https:\/\/sbert-jaume.com\/es\/noticias\/\",\"url\":\"https:\/\/sbert-jaume.com\/es\/noticias\/\",\"name\":\"Noticias - Sbert &amp; Jaume \u2013 Marine and real estate law\",\"isPartOf\":{\"@id\":\"https:\/\/sbert-jaume.com\/es\/#website\"},\"datePublished\":\"2022-12-13T12:24:25+00:00\",\"dateModified\":\"2025-01-24T14:40:18+00:00\",\"breadcrumb\":{\"@id\":\"https:\/\/sbert-jaume.com\/es\/noticias\/#breadcrumb\"},\"inLanguage\":\"es\",\"potentialAction\":[{\"@type\":\"ReadAction\",\"target\":[\"https:\/\/sbert-jaume.com\/es\/noticias\/\"]}]},{\"@type\":\"BreadcrumbList\",\"@id\":\"https:\/\/sbert-jaume.com\/es\/noticias\/#breadcrumb\",\"itemListElement\":[{\"@type\":\"ListItem\",\"position\":1,\"name\":\"Portada\",\"item\":\"https:\/\/sbert-jaume.com\/es\/\"},{\"@type\":\"ListItem\",\"position\":2,\"name\":\"Noticias\"}]},{\"@type\":\"WebSite\",\"@id\":\"https:\/\/sbert-jaume.com\/es\/#website\",\"url\":\"https:\/\/sbert-jaume.com\/es\/\",\"name\":\"Sbert Jaume \u2013 Marine and real estate law\",\"description\":\"\",\"publisher\":{\"@id\":\"https:\/\/sbert-jaume.com\/es\/#organization\"},\"potentialAction\":[{\"@type\":\"SearchAction\",\"target\":{\"@type\":\"EntryPoint\",\"urlTemplate\":\"https:\/\/sbert-jaume.com\/es\/?s={search_term_string}\"},\"query-input\":{\"@type\":\"PropertyValueSpecification\",\"valueRequired\":true,\"valueName\":\"search_term_string\"}}],\"inLanguage\":\"es\"},{\"@type\":\"Organization\",\"@id\":\"https:\/\/sbert-jaume.com\/es\/#organization\",\"name\":\"Sbert Jaume \u2013 Marine and real estate law\",\"url\":\"https:\/\/sbert-jaume.com\/es\/\",\"logo\":{\"@type\":\"ImageObject\",\"inLanguage\":\"es\",\"@id\":\"https:\/\/sbert-jaume.com\/es\/#\/schema\/logo\/image\/\",\"url\":\"https:\/\/sbert-jaume.com\/wp-content\/uploads\/2022\/12\/logo-sbert-horz.svg\",\"contentUrl\":\"https:\/\/sbert-jaume.com\/wp-content\/uploads\/2022\/12\/logo-sbert-horz.svg\",\"width\":245,\"height\":37,\"caption\":\"Sbert Jaume \u2013 Marine and real estate law\"},\"image\":{\"@id\":\"https:\/\/sbert-jaume.com\/es\/#\/schema\/logo\/image\/\"},\"sameAs\":[\"https:\/\/www.instagram.com\/sbert_jaume_lawyers\/\"]}]}<\/script>\n<!-- \/ Yoast SEO plugin. -->","yoast_head_json":{"title":"Noticias - Sbert &amp; Jaume \u2013 Marine and real estate law","robots":{"index":"index","follow":"follow","max-snippet":"max-snippet:-1","max-image-preview":"max-image-preview:large","max-video-preview":"max-video-preview:-1"},"canonical":"https:\/\/sbert-jaume.com\/es\/noticias\/","og_locale":"es_ES","og_type":"article","og_title":"Noticias - Sbert &amp; Jaume \u2013 Marine and real estate law","og_description":"noticias","og_url":"https:\/\/sbert-jaume.com\/es\/noticias\/","og_site_name":"Sbert &amp; Jaume \u2013 Marine and real estate law","article_modified_time":"2025-01-24T14:40:18+00:00","twitter_card":"summary_large_image","twitter_misc":{"Tiempo de lectura":"5 minutos"},"schema":{"@context":"https:\/\/schema.org","@graph":[{"@type":"WebPage","@id":"https:\/\/sbert-jaume.com\/es\/noticias\/","url":"https:\/\/sbert-jaume.com\/es\/noticias\/","name":"Noticias - Sbert &amp; Jaume \u2013 Marine and real estate law","isPartOf":{"@id":"https:\/\/sbert-jaume.com\/es\/#website"},"datePublished":"2022-12-13T12:24:25+00:00","dateModified":"2025-01-24T14:40:18+00:00","breadcrumb":{"@id":"https:\/\/sbert-jaume.com\/es\/noticias\/#breadcrumb"},"inLanguage":"es","potentialAction":[{"@type":"ReadAction","target":["https:\/\/sbert-jaume.com\/es\/noticias\/"]}]},{"@type":"BreadcrumbList","@id":"https:\/\/sbert-jaume.com\/es\/noticias\/#breadcrumb","itemListElement":[{"@type":"ListItem","position":1,"name":"Portada","item":"https:\/\/sbert-jaume.com\/es\/"},{"@type":"ListItem","position":2,"name":"Noticias"}]},{"@type":"WebSite","@id":"https:\/\/sbert-jaume.com\/es\/#website","url":"https:\/\/sbert-jaume.com\/es\/","name":"Sbert Jaume \u2013 Marine and real estate law","description":"","publisher":{"@id":"https:\/\/sbert-jaume.com\/es\/#organization"},"potentialAction":[{"@type":"SearchAction","target":{"@type":"EntryPoint","urlTemplate":"https:\/\/sbert-jaume.com\/es\/?s={search_term_string}"},"query-input":{"@type":"PropertyValueSpecification","valueRequired":true,"valueName":"search_term_string"}}],"inLanguage":"es"},{"@type":"Organization","@id":"https:\/\/sbert-jaume.com\/es\/#organization","name":"Sbert Jaume \u2013 Marine and real estate law","url":"https:\/\/sbert-jaume.com\/es\/","logo":{"@type":"ImageObject","inLanguage":"es","@id":"https:\/\/sbert-jaume.com\/es\/#\/schema\/logo\/image\/","url":"https:\/\/sbert-jaume.com\/wp-content\/uploads\/2022\/12\/logo-sbert-horz.svg","contentUrl":"https:\/\/sbert-jaume.com\/wp-content\/uploads\/2022\/12\/logo-sbert-horz.svg","width":245,"height":37,"caption":"Sbert Jaume \u2013 Marine and real estate law"},"image":{"@id":"https:\/\/sbert-jaume.com\/es\/#\/schema\/logo\/image\/"},"sameAs":["https:\/\/www.instagram.com\/sbert_jaume_lawyers\/"]}]}},"_links":{"self":[{"href":"https:\/\/sbert-jaume.com\/es\/wp-json\/wp\/v2\/pages\/305","targetHints":{"allow":["GET"]}}],"collection":[{"href":"https:\/\/sbert-jaume.com\/es\/wp-json\/wp\/v2\/pages"}],"about":[{"href":"https:\/\/sbert-jaume.com\/es\/wp-json\/wp\/v2\/types\/page"}],"author":[{"embeddable":true,"href":"https:\/\/sbert-jaume.com\/es\/wp-json\/wp\/v2\/users\/1"}],"replies":[{"embeddable":true,"href":"https:\/\/sbert-jaume.com\/es\/wp-json\/wp\/v2\/comments?post=305"}],"version-history":[{"count":34,"href":"https:\/\/sbert-jaume.com\/es\/wp-json\/wp\/v2\/pages\/305\/revisions"}],"predecessor-version":[{"id":1409,"href":"https:\/\/sbert-jaume.com\/es\/wp-json\/wp\/v2\/pages\/305\/revisions\/1409"}],"wp:attachment":[{"href":"https:\/\/sbert-jaume.com\/es\/wp-json\/wp\/v2\/media?parent=305"}],"curies":[{"name":"wp","href":"https:\/\/api.w.org\/{rel}","templated":true}]}}