{"id":315,"date":"2022-12-13T12:36:41","date_gmt":"2022-12-13T12:36:41","guid":{"rendered":"https:\/\/web02test.nubaltec.net\/sbert\/?page_id=315"},"modified":"2023-02-13T11:01:19","modified_gmt":"2023-02-13T11:01:19","slug":"contacto","status":"publish","type":"page","link":"https:\/\/sbert-jaume.com\/es\/contacto\/","title":{"rendered":"Contacto"},"content":{"rendered":"\t\t<div data-elementor-type=\"wp-page\" data-elementor-id=\"315\" class=\"elementor elementor-315\" data-elementor-post-type=\"page\">\n\t\t\t\t\t\t<section class=\"elementor-section elementor-top-section elementor-element elementor-element-55347d9 animated-slow elementor-section-boxed elementor-section-height-default elementor-section-height-default elementor-invisible\" data-id=\"55347d9\" data-element_type=\"section\" data-settings=\"{&quot;animation&quot;:&quot;fadeIn&quot;}\">\n\t\t\t\t\t\t<div class=\"elementor-container elementor-column-gap-default\">\n\t\t\t\t\t<div class=\"elementor-column elementor-col-100 elementor-top-column elementor-element elementor-element-0682954\" data-id=\"0682954\" data-element_type=\"column\">\n\t\t\t<div class=\"elementor-widget-wrap elementor-element-populated\">\n\t\t\t\t\t\t<section class=\"elementor-section elementor-inner-section elementor-element elementor-element-768c5a4 elementor-section-boxed elementor-section-height-default elementor-section-height-default\" data-id=\"768c5a4\" data-element_type=\"section\">\n\t\t\t\t\t\t<div class=\"elementor-container elementor-column-gap-default\">\n\t\t\t\t\t<div class=\"elementor-column elementor-col-100 elementor-inner-column elementor-element elementor-element-c04bed6\" data-id=\"c04bed6\" data-element_type=\"column\">\n\t\t\t<div class=\"elementor-widget-wrap elementor-element-populated\">\n\t\t\t\t\t\t<div class=\"elementor-element elementor-element-e1354ea elementor-widget elementor-widget-heading\" data-id=\"e1354ea\" data-element_type=\"widget\" data-widget_type=\"heading.default\">\n\t\t\t\t<div class=\"elementor-widget-container\">\n\t\t\t\t\t<h2 class=\"elementor-heading-title elementor-size-default\">Contacto<\/h2>\t\t\t\t<\/div>\n\t\t\t\t<\/div>\n\t\t\t\t<div class=\"elementor-element elementor-element-424c038 elementor-widget elementor-widget-heading\" data-id=\"424c038\" data-element_type=\"widget\" data-widget_type=\"heading.default\">\n\t\t\t\t<div class=\"elementor-widget-container\">\n\t\t\t\t\t<h3 class=\"elementor-heading-title elementor-size-default\">Islas baleares<\/h3>\t\t\t\t<\/div>\n\t\t\t\t<\/div>\n\t\t\t\t<div class=\"elementor-element elementor-element-4e627c9 elementor-icon-list--layout-traditional elementor-list-item-link-full_width elementor-widget elementor-widget-icon-list\" data-id=\"4e627c9\" data-element_type=\"widget\" data-widget_type=\"icon-list.default\">\n\t\t\t\t<div class=\"elementor-widget-container\">\n\t\t\t\t\t\t\t<ul class=\"elementor-icon-list-items\">\n\t\t\t\t\t\t\t<li class=\"elementor-icon-list-item\">\n\t\t\t\t\t\t\t\t\t\t\t<span class=\"elementor-icon-list-icon\">\n\t\t\t\t\t\t\t<i aria-hidden=\"true\" class=\"fas fa-map-marker-alt\"><\/i>\t\t\t\t\t\t<\/span>\n\t\t\t\t\t\t\t\t\t\t<span class=\"elementor-icon-list-text\">C\/ Francesc de Borja Moll 9, entresuelo 2. Palma 07003, Islas Baleares.<\/span>\n\t\t\t\t\t\t\t\t\t<\/li>\n\t\t\t\t\t\t\t\t<li class=\"elementor-icon-list-item\">\n\t\t\t\t\t\t\t\t\t\t\t<span class=\"elementor-icon-list-icon\">\n\t\t\t\t\t\t\t<i aria-hidden=\"true\" class=\"far fa-envelope\"><\/i>\t\t\t\t\t\t<\/span>\n\t\t\t\t\t\t\t\t\t\t<span class=\"elementor-icon-list-text\">info@sbert-jaume.com<\/span>\n\t\t\t\t\t\t\t\t\t<\/li>\n\t\t\t\t\t\t\t\t<li class=\"elementor-icon-list-item\">\n\t\t\t\t\t\t\t\t\t\t\t<span class=\"elementor-icon-list-icon\">\n\t\t\t\t\t\t\t<i aria-hidden=\"true\" class=\"far fa-clock\"><\/i>\t\t\t\t\t\t<\/span>\n\t\t\t\t\t\t\t\t\t\t<span class=\"elementor-icon-list-text\">Horario: 9am-3pm. Lunes a Viernes.<\/span>\n\t\t\t\t\t\t\t\t\t<\/li>\n\t\t\t\t\t\t\t\t<li class=\"elementor-icon-list-item\">\n\t\t\t\t\t\t\t\t\t\t\t<span class=\"elementor-icon-list-icon\">\n\t\t\t\t\t\t\t<i aria-hidden=\"true\" class=\"fas fa-phone\"><\/i>\t\t\t\t\t\t<\/span>\n\t\t\t\t\t\t\t\t\t\t<span class=\"elementor-icon-list-text\">+34 677 72 82 59 |  <b>Rolande Sbert <\/b><i> (Espa\u00f1ol, Catal\u00e1n, Franc\u00e9s, Inlg\u00e9s<\/i>)<\/span>\n\t\t\t\t\t\t\t\t\t<\/li>\n\t\t\t\t\t\t\t\t<li class=\"elementor-icon-list-item\">\n\t\t\t\t\t\t\t\t\t\t\t<span class=\"elementor-icon-list-icon\">\n\t\t\t\t\t\t\t<i aria-hidden=\"true\" class=\"fas fa-phone\"><\/i>\t\t\t\t\t\t<\/span>\n\t\t\t\t\t\t\t\t\t\t<span class=\"elementor-icon-list-text\">+34 669 334 565 |  <b>Xavier Jaume<\/b> <i> (Espa\u00f1ol, Catal\u00e1n, Ingl\u00e9s)<\/i><\/span>\n\t\t\t\t\t\t\t\t\t<\/li>\n\t\t\t\t\t\t\t\t<li class=\"elementor-icon-list-item\">\n\t\t\t\t\t\t\t\t\t\t\t<span class=\"elementor-icon-list-icon\">\n\t\t\t\t\t\t\t<i aria-hidden=\"true\" class=\"fas fa-phone\"><\/i>\t\t\t\t\t\t<\/span>\n\t\t\t\t\t\t\t\t\t\t<span class=\"elementor-icon-list-text\">+49 157 536 18900  |  <b>Juan Jos\u00e9 Zamorrano <\/b> <i> (Espa\u00f1ol, Alem\u00e1n, <\/i><i>Ingl\u00e9s<\/i><i>)<\/i><\/span>\n\t\t\t\t\t\t\t\t\t<\/li>\n\t\t\t\t\t\t<\/ul>\n\t\t\t\t\t\t<\/div>\n\t\t\t\t<\/div>\n\t\t\t\t\t<\/div>\n\t\t<\/div>\n\t\t\t\t\t<\/div>\n\t\t<\/section>\n\t\t\t\t<section class=\"elementor-section elementor-inner-section elementor-element elementor-element-36d0702 elementor-section-boxed elementor-section-height-default elementor-section-height-default\" data-id=\"36d0702\" data-element_type=\"section\">\n\t\t\t\t\t\t<div class=\"elementor-container elementor-column-gap-default\">\n\t\t\t\t\t<div class=\"elementor-column elementor-col-100 elementor-inner-column elementor-element elementor-element-46e3e52\" data-id=\"46e3e52\" data-element_type=\"column\">\n\t\t\t<div class=\"elementor-widget-wrap elementor-element-populated\">\n\t\t\t\t\t\t<div class=\"elementor-element elementor-element-9a1923d elementor-widget elementor-widget-google_maps\" data-id=\"9a1923d\" data-element_type=\"widget\" data-widget_type=\"google_maps.default\">\n\t\t\t\t<div class=\"elementor-widget-container\">\n\t\t\t\t\t\t\t<div class=\"elementor-custom-embed\">\n\t\t\t<iframe loading=\"lazy\"\n\t\t\t\t\tsrc=\"https:\/\/maps.google.com\/maps?q=39.5770265506145%2C%202.651082503121829&#038;t=m&#038;z=16&#038;output=embed&#038;iwloc=near\"\n\t\t\t\t\ttitle=\"39.5770265506145, 2.651082503121829\"\n\t\t\t\t\taria-label=\"39.5770265506145, 2.651082503121829\"\n\t\t\t><\/iframe>\n\t\t<\/div>\n\t\t\t\t\t\t<\/div>\n\t\t\t\t<\/div>\n\t\t\t\t<div class=\"elementor-element elementor-element-361d498 elementor-widget elementor-widget-heading\" data-id=\"361d498\" data-element_type=\"widget\" data-widget_type=\"heading.default\">\n\t\t\t\t<div class=\"elementor-widget-container\">\n\t\t\t\t\t<h3 class=\"elementor-heading-title elementor-size-default\">Alemania<\/h3>\t\t\t\t<\/div>\n\t\t\t\t<\/div>\n\t\t\t\t<div class=\"elementor-element elementor-element-0b7a325 elementor-icon-list--layout-traditional elementor-list-item-link-full_width elementor-widget elementor-widget-icon-list\" data-id=\"0b7a325\" data-element_type=\"widget\" data-widget_type=\"icon-list.default\">\n\t\t\t\t<div class=\"elementor-widget-container\">\n\t\t\t\t\t\t\t<ul class=\"elementor-icon-list-items\">\n\t\t\t\t\t\t\t<li class=\"elementor-icon-list-item\">\n\t\t\t\t\t\t\t\t\t\t\t<span class=\"elementor-icon-list-icon\">\n\t\t\t\t\t\t\t<i aria-hidden=\"true\" class=\"fas fa-map-marker-alt\"><\/i>\t\t\t\t\t\t<\/span>\n\t\t\t\t\t\t\t\t\t\t<span class=\"elementor-icon-list-text\">Stresemannallee 4-6, Geb\u00e4ude 6.2, 41460, Neuss, Alemania <\/span>\n\t\t\t\t\t\t\t\t\t<\/li>\n\t\t\t\t\t\t<\/ul>\n\t\t\t\t\t\t<\/div>\n\t\t\t\t<\/div>\n\t\t\t\t<div class=\"elementor-element elementor-element-ccb71e9 elementor-widget elementor-widget-google_maps\" data-id=\"ccb71e9\" data-element_type=\"widget\" data-widget_type=\"google_maps.default\">\n\t\t\t\t<div class=\"elementor-widget-container\">\n\t\t\t\t\t\t\t<div class=\"elementor-custom-embed\">\n\t\t\t<iframe loading=\"lazy\"\n\t\t\t\t\tsrc=\"https:\/\/maps.google.com\/maps?q=51.19344772968796%2C%206.70521364281991&#038;t=m&#038;z=16&#038;output=embed&#038;iwloc=near\"\n\t\t\t\t\ttitle=\"51.19344772968796, 6.70521364281991\"\n\t\t\t\t\taria-label=\"51.19344772968796, 6.70521364281991\"\n\t\t\t><\/iframe>\n\t\t<\/div>\n\t\t\t\t\t\t<\/div>\n\t\t\t\t<\/div>\n\t\t\t\t\t<\/div>\n\t\t<\/div>\n\t\t\t\t\t<\/div>\n\t\t<\/section>\n\t\t\t\t\t<\/div>\n\t\t<\/div>\n\t\t\t\t\t<\/div>\n\t\t<\/section>\n\t\t\t\t<\/div>\n\t\t","protected":false},"excerpt":{"rendered":"<p>Contacto Islas baleares C\/ Francesc de Borja Moll 9, entresuelo 2. Palma 07003, Islas Baleares. info@sbert-jaume.com Horario: 9am-3pm. Lunes a Viernes. +34 677 72 82 59 | Rolande Sbert (Espa\u00f1ol, Catal\u00e1n, Franc\u00e9s, Inlg\u00e9s) +34 669 334 565 | Xavier Jaume (Espa\u00f1ol, Catal\u00e1n, Ingl\u00e9s) +49 157 536 18900 | Juan Jos\u00e9 Zamorrano (Espa\u00f1ol, Alem\u00e1n, Ingl\u00e9s) Alemania [&hellip;]<\/p>\n","protected":false},"author":1,"featured_media":0,"parent":0,"menu_order":0,"comment_status":"closed","ping_status":"closed","template":"","meta":{"episode_type":"","audio_file":"","cover_image":"","cover_image_id":"","duration":"","filesize":"","date_recorded":"","explicit":"","block":"","filesize_raw":"","footnotes":""},"class_list":["post-315","page","type-page","status-publish","hentry"],"yoast_head":"<!-- This site is optimized with the Yoast SEO plugin v24.3 - https:\/\/yoast.com\/wordpress\/plugins\/seo\/ -->\n<title>Contacto - Sbert &amp; Jaume \u2013 Marine and real estate law<\/title>\n<meta name=\"robots\" content=\"index, follow, max-snippet:-1, max-image-preview:large, max-video-preview:-1\" \/>\n<link rel=\"canonical\" href=\"https:\/\/sbert-jaume.com\/es\/contacto\/\" \/>\n<meta property=\"og:locale\" content=\"es_ES\" \/>\n<meta property=\"og:type\" content=\"article\" \/>\n<meta property=\"og:title\" content=\"Contacto - Sbert &amp; Jaume \u2013 Marine and real estate law\" \/>\n<meta property=\"og:description\" content=\"Contacto Islas baleares C\/ Francesc de Borja Moll 9, entresuelo 2. Palma 07003, Islas Baleares. info@sbert-jaume.com Horario: 9am-3pm. Lunes a Viernes. +34 677 72 82 59 | Rolande Sbert (Espa\u00f1ol, Catal\u00e1n, Franc\u00e9s, Inlg\u00e9s) +34 669 334 565 | Xavier Jaume (Espa\u00f1ol, Catal\u00e1n, Ingl\u00e9s) +49 157 536 18900 | Juan Jos\u00e9 Zamorrano (Espa\u00f1ol, Alem\u00e1n, Ingl\u00e9s) Alemania [&hellip;]\" \/>\n<meta property=\"og:url\" content=\"https:\/\/sbert-jaume.com\/es\/contacto\/\" \/>\n<meta property=\"og:site_name\" content=\"Sbert &amp; Jaume \u2013 Marine and real estate law\" \/>\n<meta property=\"article:modified_time\" content=\"2023-02-13T11:01:19+00:00\" \/>\n<meta name=\"twitter:card\" content=\"summary_large_image\" \/>\n<script type=\"application\/ld+json\" class=\"yoast-schema-graph\">{\"@context\":\"https:\/\/schema.org\",\"@graph\":[{\"@type\":\"WebPage\",\"@id\":\"https:\/\/sbert-jaume.com\/es\/contacto\/\",\"url\":\"https:\/\/sbert-jaume.com\/es\/contacto\/\",\"name\":\"Contacto - Sbert &amp; Jaume \u2013 Marine and real estate law\",\"isPartOf\":{\"@id\":\"https:\/\/sbert-jaume.com\/es\/#website\"},\"datePublished\":\"2022-12-13T12:36:41+00:00\",\"dateModified\":\"2023-02-13T11:01:19+00:00\",\"breadcrumb\":{\"@id\":\"https:\/\/sbert-jaume.com\/es\/contacto\/#breadcrumb\"},\"inLanguage\":\"es\",\"potentialAction\":[{\"@type\":\"ReadAction\",\"target\":[\"https:\/\/sbert-jaume.com\/es\/contacto\/\"]}]},{\"@type\":\"BreadcrumbList\",\"@id\":\"https:\/\/sbert-jaume.com\/es\/contacto\/#breadcrumb\",\"itemListElement\":[{\"@type\":\"ListItem\",\"position\":1,\"name\":\"Portada\",\"item\":\"https:\/\/sbert-jaume.com\/es\/\"},{\"@type\":\"ListItem\",\"position\":2,\"name\":\"Contacto\"}]},{\"@type\":\"WebSite\",\"@id\":\"https:\/\/sbert-jaume.com\/es\/#website\",\"url\":\"https:\/\/sbert-jaume.com\/es\/\",\"name\":\"Sbert Jaume \u2013 Marine and real estate law\",\"description\":\"\",\"publisher\":{\"@id\":\"https:\/\/sbert-jaume.com\/es\/#organization\"},\"potentialAction\":[{\"@type\":\"SearchAction\",\"target\":{\"@type\":\"EntryPoint\",\"urlTemplate\":\"https:\/\/sbert-jaume.com\/es\/?s={search_term_string}\"},\"query-input\":{\"@type\":\"PropertyValueSpecification\",\"valueRequired\":true,\"valueName\":\"search_term_string\"}}],\"inLanguage\":\"es\"},{\"@type\":\"Organization\",\"@id\":\"https:\/\/sbert-jaume.com\/es\/#organization\",\"name\":\"Sbert Jaume \u2013 Marine and real estate law\",\"url\":\"https:\/\/sbert-jaume.com\/es\/\",\"logo\":{\"@type\":\"ImageObject\",\"inLanguage\":\"es\",\"@id\":\"https:\/\/sbert-jaume.com\/es\/#\/schema\/logo\/image\/\",\"url\":\"https:\/\/sbert-jaume.com\/wp-content\/uploads\/2022\/12\/logo-sbert-horz.svg\",\"contentUrl\":\"https:\/\/sbert-jaume.com\/wp-content\/uploads\/2022\/12\/logo-sbert-horz.svg\",\"width\":245,\"height\":37,\"caption\":\"Sbert Jaume \u2013 Marine and real estate law\"},\"image\":{\"@id\":\"https:\/\/sbert-jaume.com\/es\/#\/schema\/logo\/image\/\"},\"sameAs\":[\"https:\/\/www.instagram.com\/sbert_jaume_lawyers\/\"]}]}<\/script>\n<!-- \/ Yoast SEO plugin. -->","yoast_head_json":{"title":"Contacto - Sbert &amp; Jaume \u2013 Marine and real estate law","robots":{"index":"index","follow":"follow","max-snippet":"max-snippet:-1","max-image-preview":"max-image-preview:large","max-video-preview":"max-video-preview:-1"},"canonical":"https:\/\/sbert-jaume.com\/es\/contacto\/","og_locale":"es_ES","og_type":"article","og_title":"Contacto - Sbert &amp; Jaume \u2013 Marine and real estate law","og_description":"Contacto Islas baleares C\/ Francesc de Borja Moll 9, entresuelo 2. Palma 07003, Islas Baleares. info@sbert-jaume.com Horario: 9am-3pm. Lunes a Viernes. +34 677 72 82 59 | Rolande Sbert (Espa\u00f1ol, Catal\u00e1n, Franc\u00e9s, Inlg\u00e9s) +34 669 334 565 | Xavier Jaume (Espa\u00f1ol, Catal\u00e1n, Ingl\u00e9s) +49 157 536 18900 | Juan Jos\u00e9 Zamorrano (Espa\u00f1ol, Alem\u00e1n, Ingl\u00e9s) Alemania [&hellip;]","og_url":"https:\/\/sbert-jaume.com\/es\/contacto\/","og_site_name":"Sbert &amp; Jaume \u2013 Marine and real estate law","article_modified_time":"2023-02-13T11:01:19+00:00","twitter_card":"summary_large_image","schema":{"@context":"https:\/\/schema.org","@graph":[{"@type":"WebPage","@id":"https:\/\/sbert-jaume.com\/es\/contacto\/","url":"https:\/\/sbert-jaume.com\/es\/contacto\/","name":"Contacto - Sbert &amp; Jaume \u2013 Marine and real estate law","isPartOf":{"@id":"https:\/\/sbert-jaume.com\/es\/#website"},"datePublished":"2022-12-13T12:36:41+00:00","dateModified":"2023-02-13T11:01:19+00:00","breadcrumb":{"@id":"https:\/\/sbert-jaume.com\/es\/contacto\/#breadcrumb"},"inLanguage":"es","potentialAction":[{"@type":"ReadAction","target":["https:\/\/sbert-jaume.com\/es\/contacto\/"]}]},{"@type":"BreadcrumbList","@id":"https:\/\/sbert-jaume.com\/es\/contacto\/#breadcrumb","itemListElement":[{"@type":"ListItem","position":1,"name":"Portada","item":"https:\/\/sbert-jaume.com\/es\/"},{"@type":"ListItem","position":2,"name":"Contacto"}]},{"@type":"WebSite","@id":"https:\/\/sbert-jaume.com\/es\/#website","url":"https:\/\/sbert-jaume.com\/es\/","name":"Sbert Jaume \u2013 Marine and real estate law","description":"","publisher":{"@id":"https:\/\/sbert-jaume.com\/es\/#organization"},"potentialAction":[{"@type":"SearchAction","target":{"@type":"EntryPoint","urlTemplate":"https:\/\/sbert-jaume.com\/es\/?s={search_term_string}"},"query-input":{"@type":"PropertyValueSpecification","valueRequired":true,"valueName":"search_term_string"}}],"inLanguage":"es"},{"@type":"Organization","@id":"https:\/\/sbert-jaume.com\/es\/#organization","name":"Sbert Jaume \u2013 Marine and real estate law","url":"https:\/\/sbert-jaume.com\/es\/","logo":{"@type":"ImageObject","inLanguage":"es","@id":"https:\/\/sbert-jaume.com\/es\/#\/schema\/logo\/image\/","url":"https:\/\/sbert-jaume.com\/wp-content\/uploads\/2022\/12\/logo-sbert-horz.svg","contentUrl":"https:\/\/sbert-jaume.com\/wp-content\/uploads\/2022\/12\/logo-sbert-horz.svg","width":245,"height":37,"caption":"Sbert Jaume \u2013 Marine and real estate law"},"image":{"@id":"https:\/\/sbert-jaume.com\/es\/#\/schema\/logo\/image\/"},"sameAs":["https:\/\/www.instagram.com\/sbert_jaume_lawyers\/"]}]}},"_links":{"self":[{"href":"https:\/\/sbert-jaume.com\/es\/wp-json\/wp\/v2\/pages\/315","targetHints":{"allow":["GET"]}}],"collection":[{"href":"https:\/\/sbert-jaume.com\/es\/wp-json\/wp\/v2\/pages"}],"about":[{"href":"https:\/\/sbert-jaume.com\/es\/wp-json\/wp\/v2\/types\/page"}],"author":[{"embeddable":true,"href":"https:\/\/sbert-jaume.com\/es\/wp-json\/wp\/v2\/users\/1"}],"replies":[{"embeddable":true,"href":"https:\/\/sbert-jaume.com\/es\/wp-json\/wp\/v2\/comments?post=315"}],"version-history":[{"count":28,"href":"https:\/\/sbert-jaume.com\/es\/wp-json\/wp\/v2\/pages\/315\/revisions"}],"predecessor-version":[{"id":1028,"href":"https:\/\/sbert-jaume.com\/es\/wp-json\/wp\/v2\/pages\/315\/revisions\/1028"}],"wp:attachment":[{"href":"https:\/\/sbert-jaume.com\/es\/wp-json\/wp\/v2\/media?parent=315"}],"curies":[{"name":"wp","href":"https:\/\/api.w.org\/{rel}","templated":true}]}}